{"id":804,"date":"2018-05-24T18:32:05","date_gmt":"2018-05-24T16:32:05","guid":{"rendered":"http:\/\/www.newchurch.de\/wpfwg\/?page_id=804"},"modified":"2018-05-24T18:50:21","modified_gmt":"2018-05-24T16:50:21","slug":"datenschutzerklaerung","status":"publish","type":"page","link":"https:\/\/www.newchurch.de\/wpfwg\/datenschutzerklaerung\/","title":{"rendered":"Datenschutzerkl\u00e4rung"},"content":{"rendered":"<h2>Wer wir sind<\/h2>\n<p>Die Adresse unserer Website ist: http:\/\/www.newchurch.de\/wpfwg.<\/p>\n<h2>Verarbeitung personenbezogener Daten<\/h2>\n<h3>Kommentare<\/h3>\n<p>Da die Kommentar-Funktion auf unserer Webseite f\u00fcr alle Beitr\u00e4ge deaktiviert ist, werden keine personenbezogenen Daten erhoben oder gesammelt.<\/p>\n<h3>Kontaktinformationen<\/h3>\n<p>\u00dcber unser &#8220;Kontakt&#8221;-Men\u00fc werden keine Daten erhoben, sondern die Mailfunktion genutzt. Die dar\u00fcber \u00fcbermittelten Daten (in der Regel Vorname, Nachname, Mailadresse) werden f\u00fcr die Kommunikation gespeichert.<\/p>\n<h3>Eingebettete Inhalte von anderen Websites<\/h3>\n<p>Beitr\u00e4ge auf dieser Website k\u00f6nnen eingebettete Inhalte beinhalten (z.\u00a0B. Videos, Bilder, Beitr\u00e4ge etc.). Eingebettete Inhalte von anderen Websites verhalten sich exakt so, als ob der Besucher die andere Website besucht h\u00e4tte.<\/p>\n<p>Diese Websites k\u00f6nnen Daten \u00fcber dich sammeln, Cookies benutzen, zus\u00e4tzliche Tracking-Dienste von Dritten einbetten und deine Interaktion mit diesem eingebetteten Inhalt aufzeichnen, inklusive deiner Interaktion mit dem eingebetteten Inhalt, falls du ein Konto hast und auf dieser Website angemeldet bist.<\/p>\n<h2>Wie lange wir deine Daten speichern<\/h2>\n<p>Wenn du uns \u00fcber das Kontakt-Men\u00fc schreibst, werden die Daten\u00a0 (Vorname, Nachname, Mailadresse) von uns zeitlich unbegrenzt gespeichert. Auf Wunsch werden die Daten sofort gel\u00f6scht, sofern keine Kontaktaufnahme per Mail mehr gew\u00fcnscht wird.<\/p>\n<h2>Welche Rechte du an deinen Daten hast<\/h2>\n<p>Auf Wunsch kann die L\u00f6schung aller personenbezogenen Daten, die wir von dir gespeichert haben, veranlasst werden.<\/p>\n<h2>Wohin wir deine Daten senden<\/h2>\n<p>\u00dcber die Kontaktfunktion \u00fcbermittelte Daten werden nicht an Dritte weitergeletet.<\/p>\n","protected":false},"excerpt":{"rendered":"<p>Wer wir sind Die Adresse unserer Website ist: http:\/\/www.newchurch.de\/wpfwg. Verarbeitung personenbezogener Daten Kommentare Da die Kommentar-Funktion auf unserer Webseite f\u00fcr alle Beitr\u00e4ge deaktiviert ist, werden keine personenbezogenen Daten erhoben oder gesammelt. Kontaktinformationen \u00dcber unser &#8220;Kontakt&#8221;-Men\u00fc werden keine Daten erhoben, sondern&hellip; <\/p>\n","protected":false},"author":1,"featured_media":0,"parent":0,"menu_order":0,"comment_status":"closed","ping_status":"closed","template":"","meta":{"footnotes":""},"class_list":["post-804","page","type-page","status-publish","hentry"],"_links":{"self":[{"href":"https:\/\/www.newchurch.de\/wpfwg\/wp-json\/wp\/v2\/pages\/804","targetHints":{"allow":["GET"]}}],"collection":[{"href":"https:\/\/www.newchurch.de\/wpfwg\/wp-json\/wp\/v2\/pages"}],"about":[{"href":"https:\/\/www.newchurch.de\/wpfwg\/wp-json\/wp\/v2\/types\/page"}],"author":[{"embeddable":true,"href":"https:\/\/www.newchurch.de\/wpfwg\/wp-json\/wp\/v2\/users\/1"}],"replies":[{"embeddable":true,"href":"https:\/\/www.newchurch.de\/wpfwg\/wp-json\/wp\/v2\/comments?post=804"}],"version-history":[{"count":5,"href":"https:\/\/www.newchurch.de\/wpfwg\/wp-json\/wp\/v2\/pages\/804\/revisions"}],"predecessor-version":[{"id":810,"href":"https:\/\/www.newchurch.de\/wpfwg\/wp-json\/wp\/v2\/pages\/804\/revisions\/810"}],"wp:attachment":[{"href":"https:\/\/www.newchurch.de\/wpfwg\/wp-json\/wp\/v2\/media?parent=804"}],"curies":[{"name":"wp","href":"https:\/\/api.w.org\/{rel}","templated":true}]}}