{"id":39,"date":"2020-05-19T21:54:31","date_gmt":"2020-05-19T19:54:31","guid":{"rendered":"https:\/\/www.newchurch.de\/glasfaser\/?page_id=39"},"modified":"2020-05-19T22:06:11","modified_gmt":"2020-05-19T20:06:11","slug":"datenschutzerklaerung-2","status":"publish","type":"page","link":"https:\/\/www.newchurch.de\/glasfaser\/datenschutzerklaerung-2\/","title":{"rendered":"Datenschutzerkl\u00e4rung"},"content":{"rendered":"<p><div class=\"gridContainer\"><\/p>\n<h2>Wer wir sind<\/h2>\n<p><\/div><\/p>\n<p><div class=\"gridContainer\"><\/p>\n<p>Die Adresse unserer Website ist: http:\/\/www.glasfaser-fuer-brechen.de.<\/p>\n<p><\/div><\/p>\n<p><div class=\"gridContainer\"><\/p>\n<p>Diese Webseite informiert \u00fcber den Glasfaser-Ausbau der Gemeinde Brechen mit den Ortsteilen Niederbrechen, Oberbrechen und Werschau.<\/p>\n<p><\/div><\/p>\n<p><div class=\"gridContainer\"><\/p>\n<h2>Verarbeitung personenbezogener Daten<\/h2>\n<p><\/div><\/p>\n<p><div class=\"gridContainer\"><\/p>\n<h3>Kommentare<\/h3>\n<p><\/div><\/p>\n<p><div class=\"gridContainer\"><\/p>\n<p>Da die Kommentar-Funktion auf unserer Webseite f\u00fcr alle Beitr\u00e4ge deaktiviert ist, werden keine personenbezogenen Daten erhoben oder gesammelt.<\/p>\n<p><\/div><\/p>\n<p><div class=\"gridContainer\"><\/p>\n<h3>Kontaktinformationen<\/h3>\n<p><\/div><\/p>\n<p><div class=\"gridContainer\"><\/p>\n<p>\u00dcber unser \u201eKontakt\u201c-Men\u00fc werden keine Daten erhoben, sondern die Mailfunktion genutzt. Die dar\u00fcber \u00fcbermittelten Daten (in der Regel Vorname, Nachname, Mailadresse) werden f\u00fcr die Kommunikation gespeichert.<\/p>\n<p><\/div><\/p>\n<p><div class=\"gridContainer\"><\/p>\n<h3>Eingebettete Inhalte von anderen Websites<\/h3>\n<p><\/div><\/p>\n<p><div class=\"gridContainer\"><\/p>\n<p>Beitr\u00e4ge auf dieser Website k\u00f6nnen eingebettete Inhalte beinhalten (z.&nbsp;B. Videos, Bilder, Beitr\u00e4ge etc.). Eingebettete Inhalte von anderen Websites verhalten sich exakt so, als ob der Besucher die andere Website besucht h\u00e4tte.<\/p>\n<p><\/div><\/p>\n<p><div class=\"gridContainer\"><\/p>\n<p>Diese Websites k\u00f6nnen Daten \u00fcber dich sammeln, Cookies benutzen, zus\u00e4tzliche Tracking-Dienste von Dritten einbetten und deine Interaktion mit diesem eingebetteten Inhalt aufzeichnen, inklusive deiner Interaktion mit dem eingebetteten Inhalt, falls du ein Konto hast und auf dieser Website angemeldet bist.<\/p>\n<p><\/div><\/p>\n<p><div class=\"gridContainer\"><\/p>\n<h2>Wie lange wir deine Daten speichern<\/h2>\n<p><\/div><\/p>\n<p><div class=\"gridContainer\"><\/p>\n<p>Wenn du uns \u00fcber das Kontakt-Men\u00fc schreibst, werden die Daten&nbsp; (Vorname, Nachname, Mailadresse) von uns zeitlich unbegrenzt gespeichert. Auf Wunsch werden die Daten sofort gel\u00f6scht, sofern keine Kontaktaufnahme per Mail mehr gew\u00fcnscht wird.<\/p>\n<p><\/div><\/p>\n<p><div class=\"gridContainer\"><\/p>\n<h2>Welche Rechte du an deinen Daten hast<\/h2>\n<p><\/div><\/p>\n<p><div class=\"gridContainer\"><\/p>\n<p>Auf Wunsch kann die L\u00f6schung aller personenbezogenen Daten, die wir von dir gespeichert haben, veranlasst werden.<\/p>\n<p><\/div><\/p>\n<p><div class=\"gridContainer\"><\/p>\n<h2>Wohin wir deine Daten senden<\/h2>\n<p><\/div><\/p>\n<p><div class=\"gridContainer\"><\/p>\n<p>\u00dcber die Kontaktfunktion \u00fcbermittelte Daten werden nicht an Dritte weitergeletet.<\/p>\n<p><\/div><\/p>\n","protected":false},"excerpt":{"rendered":"<p>Wer wir sind Die Adresse unserer Website ist: http:\/\/www.glasfaser-fuer-brechen.de. Diese Webseite informiert \u00fcber den Glasfaser-Ausbau der Gemeinde Brechen mit den Ortsteilen Niederbrechen, Oberbrechen und Werschau. Verarbeitung personenbezogener Daten Kommentare Da die Kommentar-Funktion auf unserer Webseite f\u00fcr alle Beitr\u00e4ge deaktiviert ist, werden keine personenbezogenen Daten erhoben oder gesammelt. Kontaktinformationen \u00dcber unser \u201eKontakt\u201c-Men\u00fc werden keine Daten erhoben,&nbsp;&hellip;<\/p>\n","protected":false},"author":1,"featured_media":0,"parent":0,"menu_order":0,"comment_status":"closed","ping_status":"closed","template":"page-templates\/homepage.php","meta":[],"_links":{"self":[{"href":"https:\/\/www.newchurch.de\/glasfaser\/wp-json\/wp\/v2\/pages\/39"}],"collection":[{"href":"https:\/\/www.newchurch.de\/glasfaser\/wp-json\/wp\/v2\/pages"}],"about":[{"href":"https:\/\/www.newchurch.de\/glasfaser\/wp-json\/wp\/v2\/types\/page"}],"author":[{"embeddable":true,"href":"https:\/\/www.newchurch.de\/glasfaser\/wp-json\/wp\/v2\/users\/1"}],"replies":[{"embeddable":true,"href":"https:\/\/www.newchurch.de\/glasfaser\/wp-json\/wp\/v2\/comments?post=39"}],"version-history":[{"count":1,"href":"https:\/\/www.newchurch.de\/glasfaser\/wp-json\/wp\/v2\/pages\/39\/revisions"}],"predecessor-version":[{"id":40,"href":"https:\/\/www.newchurch.de\/glasfaser\/wp-json\/wp\/v2\/pages\/39\/revisions\/40"}],"wp:attachment":[{"href":"https:\/\/www.newchurch.de\/glasfaser\/wp-json\/wp\/v2\/media?parent=39"}],"curies":[{"name":"wp","href":"https:\/\/api.w.org\/{rel}","templated":true}]}}