{"id":28,"date":"2020-05-19T21:21:32","date_gmt":"2020-05-19T19:21:32","guid":{"rendered":"https:\/\/www.newchurch.de\/glasfaser\/materialis\/"},"modified":"2022-03-29T18:02:56","modified_gmt":"2022-03-29T16:02:56","slug":"materialis","status":"publish","type":"page","link":"https:\/\/www.newchurch.de\/glasfaser\/","title":{"rendered":"Front Page"},"content":{"rendered":"<div  data-label=\"Overlappable\" data-id=\"overlappable--1\" data-export-id=\"overlappable-5-materialis\" data-category=\"overlappable\" class=\"overlappable-5-materialis content-section content-section-spacing-large\" data-overlap=\"true\" id=\"overlappable-1\" style=\"background-color: rgb(255, 255, 255);\"><div  class=\"gridContainer\"> <div  data-type=\"row\" class=\"row spaced-cols \"><div  class=\"col-xs-12 col-sm-6 col-md-4 \"> <div  class=\"card mdc-elevation--z3 row-card\"><div  class=\"row\"> <div  class=\"col-xs-12 col-sm-fit icon-col\" data-fixed=\"true\"><i  class=\"color1 icon mdi mdi-responsive reverse round big\"><\/i><\/div> <div  class=\"col-xs-12 col-sm\" data-type=\"column\"><h4  class=\"color-black\">Schnelles Internet<\/h4> <p  class=\"\">Durch den Glasfaser-Ausbau Internet von 300 bis 1000 Mbit\/s im Download!\n<\/p><a class=\"link\" href=\"https:\/\/www.deutsche-glasfaser.de\/glasfaser\" target=\"_blank\" data-cp-link=\"1\" rel=\"noopener noreferrer\">Weitere Informationen<\/a><img  class=\"custom-image\" src=\"https:\/\/www.newchurch.de\/glasfaser\/wp-content\/uploads\/2020\/05\/glasfaser2-1.png\"><\/div> <\/div><\/div> <\/div> <div  class=\"col-xs-12 col-sm-6 col-md-4 \"> <div  class=\"card mdc-elevation--z3 row-card\"> <div  class=\"row\"> <div  class=\"col-xs-12 col-sm-fit icon-col\" data-fixed=\"true\"> <i  class=\"color1 icon mdi mdi-vector-square reverse round big\"><\/i><\/div> <div  class=\"col-xs-12 col-sm\" data-type=\"column\"><h4  class=\"color-black\">Telefonie<\/h4> <p  class=\"\">Telefonie mit Flatrate ins deutsche Festnetz und in Mobilfunknetze je Tarif w\u00e4hlbar!<\/p><a class=\"link\" href=\"https:\/\/www.deutsche-glasfaser.de\/telefon\" target=\"_blank\" data-cp-link=\"1\" rel=\"noopener noreferrer\">Weitere Informationen<\/a><img  class=\"custom-image\" src=\"https:\/\/www.newchurch.de\/glasfaser\/wp-content\/uploads\/2020\/05\/telefon1.png\"><\/div> <\/div><\/div> <\/div> <div  class=\"col-xs-12 col-sm-6 col-md-4 \"> <div  class=\"card mdc-elevation--z3 row-card\"> <div  class=\"row\"> <div  class=\"col-xs-12 col-sm-fit icon-col\" data-fixed=\"true\"> <i  class=\"color1 icon mdi mdi-arrange-bring-forward reverse round big\"><\/i><\/div> <div  class=\"col-xs-12 col-sm\" data-type=\"column\"><h4  class=\"color-black\">Fernsehen<\/h4> <p  class=\"\">\u00dcber 130 TV-Sender, davon \u00fcber 70 Sender in HD-Qualit\u00e4t sowie \u00fcber 130 Radio-Sender!<\/p><a class=\"link\" href=\"https:\/\/www.deutsche-glasfaser.de\/fernsehen\" target=\"_blank\" data-cp-link=\"1\" rel=\"noopener noreferrer\">Weitere Informationen<\/a><img  class=\"custom-image\" src=\"https:\/\/www.newchurch.de\/glasfaser\/wp-content\/uploads\/2020\/05\/fernsehen2.png\"><\/div> <\/div><\/div> <\/div><\/div> <\/div><\/div><div  id=\"about-6\" style=\"background-color: #f5fafd;\" data-label=\"About\" data-id=\"about-4\" data-export-id=\"about-4\" data-category=\"about\" class=\"about-4 content-section content-section-spacing-large\"><div  class=\"gridContainer\"> <div  class=\"row middle-sm text-center\"><div  class=\"col-sm-5 space-bottom-xs\" data-type=\"column\"> <h5  class=\"\">Glasfaserausbau in Brechen<\/h5> <h2  class=\"\">Geschafft \u2013 Brechen erh\u00e4lt Glasfaserausbau!<\/h2> <p  class=\"\">Vielen Dank an alle, die zum Erreichen des Ausbauziels beigetragen haben!<\/p> <\/div> <div  class=\"col-sm-7 flexbox center-xs middle-xs image-group-2-img padding-top-bottom\"> <img  class=\"img-1 rounded mdc-elevation--z10\" data-size=\"250x200\" src=\"https:\/\/www.newchurch.de\/glasfaser\/wp-content\/uploads\/2020\/05\/cropped-frau_macbook.png\"> <img  class=\"img-2 rounded mdc-elevation--z10\" data-size=\"220x170\" src=\"https:\/\/www.newchurch.de\/glasfaser\/wp-content\/uploads\/2020\/05\/cropped-frau_sitzend_notebook-1.png\"><\/div> <\/div><\/div> <\/div><div  id=\"latest-news-1\" style=\"background-color: #f5fafd;\" data-label=\"Latest-news\" data-id=\"latest-news-1-materialis\" data-export-id=\"latest-news-1-materialis\" data-category=\"latest_news\" class=\"latest-news-1-materialis content-section content-section-spacing-large\"><div  class=\"gridContainer\"> <div  class=\"row\"><div  data-type=\"column\" class=\"section-title-col\"> <h2  class=\"\">Latest News<\/h2> <p  class=\"lead\">Kostenloser Hausanschluss w\u00e4hrend der Bauphase weiterhin erh\u00e4ltlich \u2013 jetzt einen Tarif buchen!<\/p><\/div> <\/div> <div  class=\"row content-left-sm\"> <div  data-type=\"row\" data-dynamic-columns=\"handled\" data-content-shortcode=\"materialis_latest_news columns=&quot;3&quot; \" data-max-items=\"4\">        <div class=\"row materialis-latest-news\">\r\n                    <div id=\"post-401\" class=\"col-sm-6 col-md-3 space-bottom space-bottom-xs\">\r\n                    <div class=\"post-content no-padding  mdc-card overflow-hidden mdc-elevation--z2 latest-news-layout-cards\">\r\n                    <div class=\"\">\r\n                    <div class=\"post-thumbnail\">\n        <a href=\"https:\/\/www.newchurch.de\/glasfaser\/2022\/03\/31\/tag-2-nach-stoerungsbehebung-durch-den-kunden-die-deutsche-glasfaser-ist-verwirrt\/\" class=\"post-list-item-thumb \">\n            <img width=\"915\" height=\"611\" src=\"https:\/\/www.newchurch.de\/glasfaser\/wp-content\/uploads\/2022\/03\/dg-verwirrt.png\" class=\"attachment-post-thumbnail size-post-thumbnail wp-post-image\" alt=\"\" loading=\"lazy\" srcset=\"https:\/\/www.newchurch.de\/glasfaser\/wp-content\/uploads\/2022\/03\/dg-verwirrt.png 915w, https:\/\/www.newchurch.de\/glasfaser\/wp-content\/uploads\/2022\/03\/dg-verwirrt-300x200.png 300w, https:\/\/www.newchurch.de\/glasfaser\/wp-content\/uploads\/2022\/03\/dg-verwirrt-768x513.png 768w\" sizes=\"(max-width: 915px) 100vw, 915px\" \/>        <\/a>\n    <\/div>\n                <\/div>\r\n        \r\n        <div class=\"post-content-body col-padding  \">\r\n                            <div class=\"space-bottom-small\">\r\n                    <a href=\"https:\/\/www.newchurch.de\/glasfaser\/category\/allgemein\/\"  class=\"button color5 link \">Allgemein<\/a>                <\/div>\r\n            \r\n            <h4 class=\"latest-news-item-title\">\r\n                <a href=\"https:\/\/www.newchurch.de\/glasfaser\/2022\/03\/31\/tag-2-nach-stoerungsbehebung-durch-den-kunden-die-deutsche-glasfaser-ist-verwirrt\/\" rel=\"bookmark\">\r\n                    Tag 2 nach St\u00f6rungsbehebung durch den Kunden &#8211; die Deutsche Glasfaser ist verwirrt                <\/a>\r\n            <\/h4>\r\n\r\n            \r\n            <div class=\"latest-news-item-excerpt\">\r\n                <p>Nachdem nun seit zwei Tagen alles st\u00f6rungsfrei und ohne Probleme funktioniert, kam heute ein Mail[&hellip;]<\/p>\n            <\/div>\r\n\r\n\r\n        <\/div>\r\n                            <div class=\"mdc-card__actions box-padding-lr-small text-dark\">\r\n                <div class=\"mdc-card__action-icons col-xs-12 text-dark col-sm-fit no-padding-left\">\r\n                        <a class=\"post-footer-link\" href=\"https:\/\/www.newchurch.de\/glasfaser\/2022\/03\/31\/tag-2-nach-stoerungsbehebung-durch-den-kunden-die-deutsche-glasfaser-ist-verwirrt\/\">\r\n        <i class=\"mdi small mdi-comment-outline mdc-card__action mdc-card__action--icon color-darkgray\" title=\"Comments\"><\/i>\r\n        <span class=\"post-footer-value\">0<\/span>\r\n    <\/a>\r\n    <a class=\"post-footer-link\" href=\"https:\/\/www.newchurch.de\/glasfaser\/2022\/03\/31\/tag-2-nach-stoerungsbehebung-durch-den-kunden-die-deutsche-glasfaser-ist-verwirrt\/\">\r\n        <i class=\"mdi small mdi-clock mdc-card__action mdc-card__action--icon color-darkgray\" title=\"Post Time\"><\/i>\r\n        <span class=\"post-footer-value\">31. M\u00e4rz 2022<\/span>\r\n    <\/a>\r\n                    <\/div>\r\n                <div class=\"mdc-card__action-buttons col-xs-12 col-sm-fit no-padding\">\r\n                    <a href=\"https:\/\/www.newchurch.de\/glasfaser\/2022\/03\/31\/tag-2-nach-stoerungsbehebung-durch-den-kunden-die-deutsche-glasfaser-ist-verwirrt\/\" class=\"button color2 link\">Weiterlesen<\/a>\r\n                <\/div>\r\n            <\/div>\r\n            <\/div>\r\n                <\/div>\r\n                    <div id=\"post-397\" class=\"col-sm-6 col-md-3 space-bottom space-bottom-xs\">\r\n                    <div class=\"post-content no-padding  mdc-card overflow-hidden mdc-elevation--z2 latest-news-layout-cards\">\r\n                    <div class=\"\">\r\n                    <div class=\"post-thumbnail\">\n        <a href=\"https:\/\/www.newchurch.de\/glasfaser\/2022\/03\/30\/tag-1-nach-stoerungsbehebung-durch-den-kunden-die-deutsche-glasfaser-freut-sich\/\" class=\"post-list-item-thumb \">\n            <img width=\"910\" height=\"604\" src=\"https:\/\/www.newchurch.de\/glasfaser\/wp-content\/uploads\/2022\/03\/glasfaserpanel.png\" class=\"attachment-post-thumbnail size-post-thumbnail wp-post-image\" alt=\"\" loading=\"lazy\" srcset=\"https:\/\/www.newchurch.de\/glasfaser\/wp-content\/uploads\/2022\/03\/glasfaserpanel.png 910w, https:\/\/www.newchurch.de\/glasfaser\/wp-content\/uploads\/2022\/03\/glasfaserpanel-300x199.png 300w, https:\/\/www.newchurch.de\/glasfaser\/wp-content\/uploads\/2022\/03\/glasfaserpanel-768x510.png 768w\" sizes=\"(max-width: 910px) 100vw, 910px\" \/>        <\/a>\n    <\/div>\n                <\/div>\r\n        \r\n        <div class=\"post-content-body col-padding  \">\r\n                            <div class=\"space-bottom-small\">\r\n                    <a href=\"https:\/\/www.newchurch.de\/glasfaser\/category\/allgemein\/\"  class=\"button color5 link \">Allgemein<\/a>                <\/div>\r\n            \r\n            <h4 class=\"latest-news-item-title\">\r\n                <a href=\"https:\/\/www.newchurch.de\/glasfaser\/2022\/03\/30\/tag-1-nach-stoerungsbehebung-durch-den-kunden-die-deutsche-glasfaser-freut-sich\/\" rel=\"bookmark\">\r\n                    Tag 1 nach St\u00f6rungsbehebung durch den Kunden &#8211; die Deutsche Glasfaser freut sich &#8230;                <\/a>\r\n            <\/h4>\r\n\r\n            \r\n            <div class=\"latest-news-item-excerpt\">\r\n                <p>&#8230; mir mitzuteilen, dass der Anschluss wieder funktioniert, da sie das Problem gel\u00f6st h\u00e4tte. Sehe[&hellip;]<\/p>\n            <\/div>\r\n\r\n\r\n        <\/div>\r\n                            <div class=\"mdc-card__actions box-padding-lr-small text-dark\">\r\n                <div class=\"mdc-card__action-icons col-xs-12 text-dark col-sm-fit no-padding-left\">\r\n                        <a class=\"post-footer-link\" href=\"https:\/\/www.newchurch.de\/glasfaser\/2022\/03\/30\/tag-1-nach-stoerungsbehebung-durch-den-kunden-die-deutsche-glasfaser-freut-sich\/\">\r\n        <i class=\"mdi small mdi-comment-outline mdc-card__action mdc-card__action--icon color-darkgray\" title=\"Comments\"><\/i>\r\n        <span class=\"post-footer-value\">0<\/span>\r\n    <\/a>\r\n    <a class=\"post-footer-link\" href=\"https:\/\/www.newchurch.de\/glasfaser\/2022\/03\/30\/tag-1-nach-stoerungsbehebung-durch-den-kunden-die-deutsche-glasfaser-freut-sich\/\">\r\n        <i class=\"mdi small mdi-clock mdc-card__action mdc-card__action--icon color-darkgray\" title=\"Post Time\"><\/i>\r\n        <span class=\"post-footer-value\">30. M\u00e4rz 2022<\/span>\r\n    <\/a>\r\n                    <\/div>\r\n                <div class=\"mdc-card__action-buttons col-xs-12 col-sm-fit no-padding\">\r\n                    <a href=\"https:\/\/www.newchurch.de\/glasfaser\/2022\/03\/30\/tag-1-nach-stoerungsbehebung-durch-den-kunden-die-deutsche-glasfaser-freut-sich\/\" class=\"button color2 link\">Weiterlesen<\/a>\r\n                <\/div>\r\n            <\/div>\r\n            <\/div>\r\n                <\/div>\r\n                    <div id=\"post-392\" class=\"col-sm-6 col-md-3 space-bottom space-bottom-xs\">\r\n                    <div class=\"post-content no-padding  mdc-card overflow-hidden mdc-elevation--z2 latest-news-layout-cards\">\r\n                    <div class=\"\">\r\n                    <div class=\"post-thumbnail\">\n        <a href=\"https:\/\/www.newchurch.de\/glasfaser\/2022\/03\/29\/tag-7-der-stoerung-hilf-dir-selbst-macht-ja-sonst-keiner-die-deutsche-glasfaser-auch-nicht\/\" class=\"post-list-item-thumb \">\n            <img width=\"905\" height=\"508\" src=\"https:\/\/www.newchurch.de\/glasfaser\/wp-content\/uploads\/2022\/03\/diy.png\" class=\"attachment-post-thumbnail size-post-thumbnail wp-post-image\" alt=\"\" loading=\"lazy\" srcset=\"https:\/\/www.newchurch.de\/glasfaser\/wp-content\/uploads\/2022\/03\/diy.png 905w, https:\/\/www.newchurch.de\/glasfaser\/wp-content\/uploads\/2022\/03\/diy-300x168.png 300w, https:\/\/www.newchurch.de\/glasfaser\/wp-content\/uploads\/2022\/03\/diy-768x431.png 768w\" sizes=\"(max-width: 905px) 100vw, 905px\" \/>        <\/a>\n    <\/div>\n                <\/div>\r\n        \r\n        <div class=\"post-content-body col-padding  \">\r\n                            <div class=\"space-bottom-small\">\r\n                    <a href=\"https:\/\/www.newchurch.de\/glasfaser\/category\/allgemein\/\"  class=\"button color5 link \">Allgemein<\/a>                <\/div>\r\n            \r\n            <h4 class=\"latest-news-item-title\">\r\n                <a href=\"https:\/\/www.newchurch.de\/glasfaser\/2022\/03\/29\/tag-7-der-stoerung-hilf-dir-selbst-macht-ja-sonst-keiner-die-deutsche-glasfaser-auch-nicht\/\" rel=\"bookmark\">\r\n                    Tag 7 der St\u00f6rung &#8211; hilf dir selbst, macht ja sonst keiner &#8230; die Deutsche Glasfaser auch nicht                <\/a>\r\n            <\/h4>\r\n\r\n            \r\n            <div class=\"latest-news-item-excerpt\">\r\n                <p>Heute, am Dienstag nach dem letzten Dienstag, an dem der Glasfaseranschluss ausgefallen ist, habe ich[&hellip;]<\/p>\n            <\/div>\r\n\r\n\r\n        <\/div>\r\n                            <div class=\"mdc-card__actions box-padding-lr-small text-dark\">\r\n                <div class=\"mdc-card__action-icons col-xs-12 text-dark col-sm-fit no-padding-left\">\r\n                        <a class=\"post-footer-link\" href=\"https:\/\/www.newchurch.de\/glasfaser\/2022\/03\/29\/tag-7-der-stoerung-hilf-dir-selbst-macht-ja-sonst-keiner-die-deutsche-glasfaser-auch-nicht\/\">\r\n        <i class=\"mdi small mdi-comment-outline mdc-card__action mdc-card__action--icon color-darkgray\" title=\"Comments\"><\/i>\r\n        <span class=\"post-footer-value\">1<\/span>\r\n    <\/a>\r\n    <a class=\"post-footer-link\" href=\"https:\/\/www.newchurch.de\/glasfaser\/2022\/03\/29\/tag-7-der-stoerung-hilf-dir-selbst-macht-ja-sonst-keiner-die-deutsche-glasfaser-auch-nicht\/\">\r\n        <i class=\"mdi small mdi-clock mdc-card__action mdc-card__action--icon color-darkgray\" title=\"Post Time\"><\/i>\r\n        <span class=\"post-footer-value\">29. M\u00e4rz 2022<\/span>\r\n    <\/a>\r\n                    <\/div>\r\n                <div class=\"mdc-card__action-buttons col-xs-12 col-sm-fit no-padding\">\r\n                    <a href=\"https:\/\/www.newchurch.de\/glasfaser\/2022\/03\/29\/tag-7-der-stoerung-hilf-dir-selbst-macht-ja-sonst-keiner-die-deutsche-glasfaser-auch-nicht\/\" class=\"button color2 link\">Weiterlesen<\/a>\r\n                <\/div>\r\n            <\/div>\r\n            <\/div>\r\n                <\/div>\r\n                    <div id=\"post-389\" class=\"col-sm-6 col-md-3 space-bottom space-bottom-xs\">\r\n                    <div class=\"post-content no-padding  mdc-card overflow-hidden mdc-elevation--z2 latest-news-layout-cards\">\r\n                    <div class=\"\">\r\n                    <div class=\"post-thumbnail\">\n        <a href=\"https:\/\/www.newchurch.de\/glasfaser\/2022\/03\/28\/tag-6-der-stoerung-und-es-passiert-nichts\/\" class=\"post-list-item-thumb \">\n            <img width=\"897\" height=\"640\" src=\"https:\/\/www.newchurch.de\/glasfaser\/wp-content\/uploads\/2022\/03\/error2.png\" class=\"attachment-post-thumbnail size-post-thumbnail wp-post-image\" alt=\"\" loading=\"lazy\" srcset=\"https:\/\/www.newchurch.de\/glasfaser\/wp-content\/uploads\/2022\/03\/error2.png 897w, https:\/\/www.newchurch.de\/glasfaser\/wp-content\/uploads\/2022\/03\/error2-300x214.png 300w, https:\/\/www.newchurch.de\/glasfaser\/wp-content\/uploads\/2022\/03\/error2-768x548.png 768w\" sizes=\"(max-width: 897px) 100vw, 897px\" \/>        <\/a>\n    <\/div>\n                <\/div>\r\n        \r\n        <div class=\"post-content-body col-padding  \">\r\n                            <div class=\"space-bottom-small\">\r\n                    <a href=\"https:\/\/www.newchurch.de\/glasfaser\/category\/allgemein\/\"  class=\"button color5 link \">Allgemein<\/a>                <\/div>\r\n            \r\n            <h4 class=\"latest-news-item-title\">\r\n                <a href=\"https:\/\/www.newchurch.de\/glasfaser\/2022\/03\/28\/tag-6-der-stoerung-und-es-passiert-nichts\/\" rel=\"bookmark\">\r\n                    Tag 6 der St\u00f6rung, und es passiert &#8230; NICHTS!                <\/a>\r\n            <\/h4>\r\n\r\n            \r\n            <div class=\"latest-news-item-excerpt\">\r\n                <p>Heute ist der sechste Tag Totalausfall nach genau einer Woche st\u00f6rungsfreiem &#8220;Glasfaser-Genuss&#8221;. Die Alarm-LED des[&hellip;]<\/p>\n            <\/div>\r\n\r\n\r\n        <\/div>\r\n                            <div class=\"mdc-card__actions box-padding-lr-small text-dark\">\r\n                <div class=\"mdc-card__action-icons col-xs-12 text-dark col-sm-fit no-padding-left\">\r\n                        <a class=\"post-footer-link\" href=\"https:\/\/www.newchurch.de\/glasfaser\/2022\/03\/28\/tag-6-der-stoerung-und-es-passiert-nichts\/\">\r\n        <i class=\"mdi small mdi-comment-outline mdc-card__action mdc-card__action--icon color-darkgray\" title=\"Comments\"><\/i>\r\n        <span class=\"post-footer-value\">0<\/span>\r\n    <\/a>\r\n    <a class=\"post-footer-link\" href=\"https:\/\/www.newchurch.de\/glasfaser\/2022\/03\/28\/tag-6-der-stoerung-und-es-passiert-nichts\/\">\r\n        <i class=\"mdi small mdi-clock mdc-card__action mdc-card__action--icon color-darkgray\" title=\"Post Time\"><\/i>\r\n        <span class=\"post-footer-value\">28. M\u00e4rz 2022<\/span>\r\n    <\/a>\r\n                    <\/div>\r\n                <div class=\"mdc-card__action-buttons col-xs-12 col-sm-fit no-padding\">\r\n                    <a href=\"https:\/\/www.newchurch.de\/glasfaser\/2022\/03\/28\/tag-6-der-stoerung-und-es-passiert-nichts\/\" class=\"button color2 link\">Weiterlesen<\/a>\r\n                <\/div>\r\n            <\/div>\r\n            <\/div>\r\n                <\/div>\r\n            <\/div>\r\n    <\/div><\/div> <div  class=\"row\"><div  class=\"col-xs-12 text-center\"> <a  class=\"button big color1 mdc-elevation--z3 mdc-ripple-upgraded\" data-attr-shortcode=\"href:materialis_blog_link\" href=\"https:\/\/www.newchurch.de\/glasfaser\/blog\/\">UNSER BLOG<\/a><\/div> <\/div><\/div><\/div>","protected":false},"excerpt":{"rendered":"","protected":false},"author":1,"featured_media":0,"parent":0,"menu_order":0,"comment_status":"closed","ping_status":"closed","template":"page-templates\/homepage.php","meta":[],"_links":{"self":[{"href":"https:\/\/www.newchurch.de\/glasfaser\/wp-json\/wp\/v2\/pages\/28"}],"collection":[{"href":"https:\/\/www.newchurch.de\/glasfaser\/wp-json\/wp\/v2\/pages"}],"about":[{"href":"https:\/\/www.newchurch.de\/glasfaser\/wp-json\/wp\/v2\/types\/page"}],"author":[{"embeddable":true,"href":"https:\/\/www.newchurch.de\/glasfaser\/wp-json\/wp\/v2\/users\/1"}],"replies":[{"embeddable":true,"href":"https:\/\/www.newchurch.de\/glasfaser\/wp-json\/wp\/v2\/comments?post=28"}],"version-history":[{"count":30,"href":"https:\/\/www.newchurch.de\/glasfaser\/wp-json\/wp\/v2\/pages\/28\/revisions"}],"predecessor-version":[{"id":396,"href":"https:\/\/www.newchurch.de\/glasfaser\/wp-json\/wp\/v2\/pages\/28\/revisions\/396"}],"wp:attachment":[{"href":"https:\/\/www.newchurch.de\/glasfaser\/wp-json\/wp\/v2\/media?parent=28"}],"curies":[{"name":"wp","href":"https:\/\/api.w.org\/{rel}","templated":true}]}}