{"id":184,"date":"2020-06-08T11:39:06","date_gmt":"2020-06-08T09:39:06","guid":{"rendered":"https:\/\/www.newchurch.de\/glasfaser\/?page_id=184"},"modified":"2020-06-08T11:51:11","modified_gmt":"2020-06-08T09:51:11","slug":"warum-deutsche-glasfaser","status":"publish","type":"page","link":"https:\/\/www.newchurch.de\/glasfaser\/warum-deutsche-glasfaser\/","title":{"rendered":"Warum Deutsche Glasfaser?"},"content":{"rendered":"<p><div class=\"gridContainer\"><\/p>\n<p>Neben vielen positiven Stimmen von B\u00fcrgerinnen und B\u00fcrgern, die sich auf ein schnelles, zukunftsf\u00e4higes Glasfasernetz freuen, und bereits einen Tarif gebucht haben, gibt es zu diesem Projekt nat\u00fcrlich auch kritische Stimmen.<\/p>\n<p><\/div><\/p>\n<p><div class=\"gridContainer\"><\/p>\n<p>Warum hat die Gemeinde Brechen einen Kooperationsvertrag mit der Deutschen Glasfaser geschlossen?<\/p>\n<p><\/div><\/p>\n<p><div class=\"gridContainer\"><\/p>\n<p>Die Deutsche Glasfaser ist aktuell der einzige Anbieter, der im l\u00e4ndlichen Raum fl\u00e4chendeckend Glasfasernetze ausbaut, und das nicht nur f\u00fcr die Kunden, die einen Tarif buchen, sondern f\u00fcr alle Ortsstrassen unserer Ortsteile. Es kann also auch nach dem 31.08.2020 jeder einen Glasfaseranschluss erhalten (dann allerdings kostenpflichtig).<\/p>\n<p><\/div><\/p>\n<p><div class=\"gridContainer\"><\/p>\n<p>Nach R\u00fcckfragen bei anderen Anbietern und R\u00fccksprache mit dem Breitbandkoordinator des Landkreises Limburg-Weilburg kann man davon ausgehen, dass in den n\u00e4chsten 5 bis 10 Jahren kein anderer Anbieter einen vergleichbaren Ausbau &#8211; mit kostenlosen Hausanschl\u00fcssen &#8211; anbieten wird. Wenn doch, dann vermutlich nur durch massive F\u00f6rderung von Bund und\/oder Land, und vermutlich mit Anschlusskosten im hohen dreistelligen wenn nicht gar vierstelligen Bereich pro Hausanschluss. <\/p>\n<p><\/div><\/p>\n<p><div class=\"gridContainer\"><\/p>\n<p>Vorwurf: das Vorgehen &#8220;Sie erhalten bis zum 31.08.2020 einen kostenlosen Hausanschluss, danach kostet es 750 Euro&#8221; der Deutschen Glasfaser sei unseri\u00f6s:<\/p>\n<p><\/div><\/p>\n<p><div class=\"gridContainer\"><\/p>\n<p>Schon vor Jahrzehnten beim Ausbau des Gasnetztes in der Gemeinde Brechen (wurde damals von der MKW, jetzt S\u00fcwag, durchgef\u00fchrt) haben diejenigen profitiert, die sich direkt zu Beginn f\u00fcr einen Gasanschluss gemeldet haben &#8211; sie haben den Anschluss kostenlos erhalten, und die, die sp\u00e4ter einen Anschluss haben wollten, mussten ihn bezahlen.<\/p>\n<p><\/div><\/p>\n<p><div class=\"gridContainer\"><\/p>\n<p>Dieses Vorgehen ist nicht unseri\u00f6s, sondern war schon damals ein Gesch\u00e4ftsmodell, um zum Start eines Ausbaus \u00fcberhaupt die ben\u00f6tigte Anzahl Anschl\u00fcsse zu erhalten &#8211; so wie jetzt auch.<\/p>\n<p><\/div><\/p>\n<p><div class=\"gridContainer\"><\/p>\n<p>Vorwurf: &#8220;die Bewertungen der Deutschen Glasfaser bei Portalen wie Trustpilot sind schlecht, man muss auch mit anderen Anbietern verhandeln.&#8221;<\/p>\n<p><\/div><\/p>\n<p><div class=\"gridContainer\"><\/p>\n<p>Wenn man sich die Bewertungen bei Trustpilot anschaut, ist bei der <a rel=\"noreferrer noopener\" href=\"https:\/\/de.trustpilot.com\/review\/www.deutsche-glasfaser.de\" target=\"_blank\">Deutschen Glasfaser<\/a> mit einer Bewertung von 1,8 von 5 M\u00f6glichen Punkten sicher noch &#8220;Luft nach oben&#8221;. Diejenigen, die mit dem Heranziehen dieser Bewertung den Anbieter Deutsche Glasfaser schlecht darstellen m\u00f6chten, sollten dann aber auch so fair sein, und sich die Bewertungen der anderen Anbieter anschauen: z.B. <a rel=\"noreferrer noopener\" href=\"https:\/\/de.trustpilot.com\/review\/www.telekom.de\" target=\"_blank\">Deutsche Telekom<\/a> mit 1,6 Punkten oder <a rel=\"noreferrer noopener\" href=\"https:\/\/de.trustpilot.com\/review\/www.vodafone.de\" target=\"_blank\">Vodafone Deutschland<\/a> mit 1,2 Punkten &#8211; und schon wird klar, dass sich die Gemeinde Brechen scheinbar f\u00fcr den besser bewerteten Anbieter entschieden hat.<\/p>\n<p><\/div><\/p>\n<p><div class=\"gridContainer\"><\/p>\n<p>Zudem gibt es kein &#8220;Verhandeln&#8221; mit anderen Anbietern &#8211; es gibt aktuell schlicht keine anderen Anbieter. <\/p>\n<p><\/div><\/p>\n<p><div class=\"gridContainer\"><\/p>\n<p><\/div><\/p>\n","protected":false},"excerpt":{"rendered":"<p>Neben vielen positiven Stimmen von B\u00fcrgerinnen und B\u00fcrgern, die sich auf ein schnelles, zukunftsf\u00e4higes Glasfasernetz freuen, und bereits einen Tarif gebucht haben, gibt es zu diesem Projekt nat\u00fcrlich auch kritische Stimmen. Warum hat die Gemeinde Brechen einen Kooperationsvertrag mit der Deutschen Glasfaser geschlossen? Die Deutsche Glasfaser ist aktuell der einzige Anbieter, der im l\u00e4ndlichen Raum&nbsp;&hellip;<\/p>\n","protected":false},"author":1,"featured_media":0,"parent":0,"menu_order":0,"comment_status":"closed","ping_status":"closed","template":"","meta":[],"_links":{"self":[{"href":"https:\/\/www.newchurch.de\/glasfaser\/wp-json\/wp\/v2\/pages\/184"}],"collection":[{"href":"https:\/\/www.newchurch.de\/glasfaser\/wp-json\/wp\/v2\/pages"}],"about":[{"href":"https:\/\/www.newchurch.de\/glasfaser\/wp-json\/wp\/v2\/types\/page"}],"author":[{"embeddable":true,"href":"https:\/\/www.newchurch.de\/glasfaser\/wp-json\/wp\/v2\/users\/1"}],"replies":[{"embeddable":true,"href":"https:\/\/www.newchurch.de\/glasfaser\/wp-json\/wp\/v2\/comments?post=184"}],"version-history":[{"count":2,"href":"https:\/\/www.newchurch.de\/glasfaser\/wp-json\/wp\/v2\/pages\/184\/revisions"}],"predecessor-version":[{"id":187,"href":"https:\/\/www.newchurch.de\/glasfaser\/wp-json\/wp\/v2\/pages\/184\/revisions\/187"}],"wp:attachment":[{"href":"https:\/\/www.newchurch.de\/glasfaser\/wp-json\/wp\/v2\/media?parent=184"}],"curies":[{"name":"wp","href":"https:\/\/api.w.org\/{rel}","templated":true}]}}